{"id":7432,"date":"2024-12-11T23:04:20","date_gmt":"2024-12-11T22:04:20","guid":{"rendered":"https:\/\/enithuma.com\/product\/peak-short-boucle-doreille\/"},"modified":"2025-02-03T15:54:53","modified_gmt":"2025-02-03T14:54:53","slug":"peak-short-boucle-doreille","status":"publish","type":"product","link":"https:\/\/enithuma.com\/fr\/produit\/peak-short-boucle-doreille\/","title":{"rendered":"Peak Short boucle d\u2019oreille"},"content":{"rendered":"<p>&#8211; R\u00e9alis\u00e9e sur commande, exp\u00e9di\u00e9e en 3 semaines<br \/>\n&#8211; Commande par pi\u00e8ce, si vous voulez une paire, mettez 2 pi\u00e8ces dans votre panier.<br \/>\n&#8211; Argent 925 (4,7g) recouvert d\u2019or 18 carats en couche \u00e9paisse de 6 microns, 2 \u00e0 2,5 fois plus \u00e9paisse que sur un bijoux vermeil traditionnel.<br \/>\n&#8211; Topaze 2,5 carats, \u22058 mm. La topaze est une pierre fine naturelle, taill\u00e9e \u00e0 la main. Vous pourrez \u00e9ventuellement constater une l\u00e9g\u00e8re diff\u00e9rence de couleur et de taille (forme et carats). Elle se situe \u00e0 8 sur l\u2019\u00e9chelle de Mohs, ce qui en fait une pierre dure (le diamant est \u00e0 10)<br \/>\n&#8211; Fabriqu\u00e9e \u00e0 la main en Hongrie.<\/p>\n","protected":false},"excerpt":{"rendered":"<p>Vermeil or 18K, topaze bleue<\/p>\n","protected":false},"featured_media":7184,"template":"","meta":{"_monsterinsights_skip_tracking":false,"_monsterinsights_sitenote_active":false,"_monsterinsights_sitenote_note":"","_monsterinsights_sitenote_category":0},"product_brand":[],"product_cat":[175,200],"product_tag":[],"class_list":{"0":"post-7432","1":"product","2":"type-product","3":"status-publish","4":"has-post-thumbnail","6":"product_cat-bijoux-doreilles","7":"product_cat-peak-fr","9":"first","10":"instock","11":"shipping-taxable","12":"purchasable","13":"product-type-simple","14":"add-to-wishlist-after_add_to_cart"},"_links":{"self":[{"href":"https:\/\/enithuma.com\/fr\/wp-json\/wp\/v2\/product\/7432","targetHints":{"allow":["GET"]}}],"collection":[{"href":"https:\/\/enithuma.com\/fr\/wp-json\/wp\/v2\/product"}],"about":[{"href":"https:\/\/enithuma.com\/fr\/wp-json\/wp\/v2\/types\/product"}],"wp:featuredmedia":[{"embeddable":true,"href":"https:\/\/enithuma.com\/fr\/wp-json\/wp\/v2\/media\/7184"}],"wp:attachment":[{"href":"https:\/\/enithuma.com\/fr\/wp-json\/wp\/v2\/media?parent=7432"}],"wp:term":[{"taxonomy":"product_brand","embeddable":true,"href":"https:\/\/enithuma.com\/fr\/wp-json\/wp\/v2\/product_brand?post=7432"},{"taxonomy":"product_cat","embeddable":true,"href":"https:\/\/enithuma.com\/fr\/wp-json\/wp\/v2\/product_cat?post=7432"},{"taxonomy":"product_tag","embeddable":true,"href":"https:\/\/enithuma.com\/fr\/wp-json\/wp\/v2\/product_tag?post=7432"}],"curies":[{"name":"wp","href":"https:\/\/api.w.org\/{rel}","templated":true}]}}