{"id":6685,"date":"2024-05-30T13:29:26","date_gmt":"2024-05-30T11:29:26","guid":{"rendered":"https:\/\/enithuma.com\/suti-tajekoztato\/"},"modified":"2024-05-30T13:31:23","modified_gmt":"2024-05-30T11:31:23","slug":"suti-tajekoztato","status":"publish","type":"page","link":"https:\/\/enithuma.com\/hu\/suti-tajekoztato\/","title":{"rendered":"S\u00fcti t\u00e1j\u00e9koztat\u00f3"},"content":{"rendered":"","protected":false},"excerpt":{"rendered":"","protected":false},"author":1,"featured_media":0,"parent":0,"menu_order":0,"comment_status":"closed","ping_status":"closed","template":"","meta":{"_monsterinsights_skip_tracking":false,"_monsterinsights_sitenote_active":false,"_monsterinsights_sitenote_note":"","_monsterinsights_sitenote_category":0,"footnotes":""},"class_list":["post-6685","page","type-page","status-publish","hentry"],"_links":{"self":[{"href":"https:\/\/enithuma.com\/hu\/wp-json\/wp\/v2\/pages\/6685","targetHints":{"allow":["GET"]}}],"collection":[{"href":"https:\/\/enithuma.com\/hu\/wp-json\/wp\/v2\/pages"}],"about":[{"href":"https:\/\/enithuma.com\/hu\/wp-json\/wp\/v2\/types\/page"}],"author":[{"embeddable":true,"href":"https:\/\/enithuma.com\/hu\/wp-json\/wp\/v2\/users\/1"}],"replies":[{"embeddable":true,"href":"https:\/\/enithuma.com\/hu\/wp-json\/wp\/v2\/comments?post=6685"}],"version-history":[{"count":1,"href":"https:\/\/enithuma.com\/hu\/wp-json\/wp\/v2\/pages\/6685\/revisions"}],"predecessor-version":[{"id":6686,"href":"https:\/\/enithuma.com\/hu\/wp-json\/wp\/v2\/pages\/6685\/revisions\/6686"}],"wp:attachment":[{"href":"https:\/\/enithuma.com\/hu\/wp-json\/wp\/v2\/media?parent=6685"}],"curies":[{"name":"wp","href":"https:\/\/api.w.org\/{rel}","templated":true}]}}