{"id":6721,"date":"2024-05-30T13:40:18","date_gmt":"2024-05-30T11:40:18","guid":{"rendered":"https:\/\/enithuma.com\/kapcsolat\/"},"modified":"2024-06-04T11:49:00","modified_gmt":"2024-06-04T09:49:00","slug":"kapcsolat","status":"publish","type":"page","link":"https:\/\/enithuma.com\/hu\/kapcsolat\/","title":{"rendered":"Kapcsolat"},"content":{"rendered":"\t\t<div data-elementor-type=\"wp-page\" data-elementor-id=\"6721\" class=\"elementor elementor-6721 elementor-6691\" data-elementor-post-type=\"page\">\n\t\t\t\t<div class=\"elementor-element elementor-element-9b06efd e-flex e-con-boxed e-con e-parent\" data-id=\"9b06efd\" data-element_type=\"container\">\n\t\t\t\t\t<div class=\"e-con-inner\">\n\t\t\t\t<div class=\"elementor-element elementor-element-9239986 elementor-widget elementor-widget-heading\" data-id=\"9239986\" data-element_type=\"widget\" data-widget_type=\"heading.default\">\n\t\t\t\t\t<h2 class=\"elementor-heading-title elementor-size-default\">Kapcsolat<\/h2>\t\t\t\t<\/div>\n\t\t\t\t\t<\/div>\n\t\t\t\t<\/div>\n\t\t<div class=\"elementor-element elementor-element-8917942 e-flex e-con-boxed e-con e-parent\" data-id=\"8917942\" data-element_type=\"container\">\n\t\t\t\t\t<div class=\"e-con-inner\">\n\t\t\t\t<div class=\"elementor-element elementor-element-fece096 elementor-widget elementor-widget-text-editor\" data-id=\"fece096\" data-element_type=\"widget\" data-widget_type=\"text-editor.default\">\n\t\t\t\t\t\t\t\t\t<p>Ha szeretn\u00e9l vel\u00fcnk kapcsolatba l\u00e9pni, k\u00e9r\u00fcnk, \u00edrj nek\u00fcnk a hello@enithjewel.com -ra<\/p><p>vagy \u00edrt k\u00f6zvetlen \u00fczenetet az instagrammon: <a href=\"https:\/\/www.instagram.com\/enithjewel\/\" target=\"_blank\" rel=\"noopener\">@enithjewel<\/a><\/p>\t\t\t\t\t\t\t\t<\/div>\n\t\t\t\t\t<\/div>\n\t\t\t\t<\/div>\n\t\t\t\t<\/div>\n\t\t","protected":false},"excerpt":{"rendered":"<p>Kapcsolat Ha szeretn\u00e9l vel\u00fcnk kapcsolatba l\u00e9pni, k\u00e9r\u00fcnk, \u00edrj nek\u00fcnk a hello@enithjewel.com -ra vagy \u00edrt k\u00f6zvetlen \u00fczenetet az instagrammon: @enithjewel<\/p>\n","protected":false},"author":1,"featured_media":0,"parent":0,"menu_order":0,"comment_status":"closed","ping_status":"closed","template":"elementor_theme","meta":{"_monsterinsights_skip_tracking":false,"_monsterinsights_sitenote_active":false,"_monsterinsights_sitenote_note":"","_monsterinsights_sitenote_category":0,"footnotes":""},"class_list":["post-6721","page","type-page","status-publish","hentry"],"_links":{"self":[{"href":"https:\/\/enithuma.com\/hu\/wp-json\/wp\/v2\/pages\/6721","targetHints":{"allow":["GET"]}}],"collection":[{"href":"https:\/\/enithuma.com\/hu\/wp-json\/wp\/v2\/pages"}],"about":[{"href":"https:\/\/enithuma.com\/hu\/wp-json\/wp\/v2\/types\/page"}],"author":[{"embeddable":true,"href":"https:\/\/enithuma.com\/hu\/wp-json\/wp\/v2\/users\/1"}],"replies":[{"embeddable":true,"href":"https:\/\/enithuma.com\/hu\/wp-json\/wp\/v2\/comments?post=6721"}],"version-history":[{"count":4,"href":"https:\/\/enithuma.com\/hu\/wp-json\/wp\/v2\/pages\/6721\/revisions"}],"predecessor-version":[{"id":6855,"href":"https:\/\/enithuma.com\/hu\/wp-json\/wp\/v2\/pages\/6721\/revisions\/6855"}],"wp:attachment":[{"href":"https:\/\/enithuma.com\/hu\/wp-json\/wp\/v2\/media?parent=6721"}],"curies":[{"name":"wp","href":"https:\/\/api.w.org\/{rel}","templated":true}]}}