{"id":6741,"date":"2021-03-01T11:31:28","date_gmt":"2021-03-01T10:31:28","guid":{"rendered":"https:\/\/enithuma.com\/rendeles-nyomon-kovetese\/"},"modified":"2024-05-31T10:50:40","modified_gmt":"2024-05-31T08:50:40","slug":"rendeles-nyomon-kovetese","status":"publish","type":"page","link":"https:\/\/enithuma.com\/hu\/rendeles-nyomon-kovetese\/","title":{"rendered":"Rendel\u00e9s nyomon k\u00f6vet\u00e9se"},"content":{"rendered":"<div class=\"woocommerce\"><\/div>\n","protected":false},"excerpt":{"rendered":"","protected":false},"author":1,"featured_media":0,"parent":0,"menu_order":0,"comment_status":"closed","ping_status":"closed","template":"","meta":{"_monsterinsights_skip_tracking":false,"_monsterinsights_sitenote_active":false,"_monsterinsights_sitenote_note":"","_monsterinsights_sitenote_category":0,"footnotes":""},"class_list":["post-6741","page","type-page","status-publish","hentry"],"_links":{"self":[{"href":"https:\/\/enithuma.com\/hu\/wp-json\/wp\/v2\/pages\/6741","targetHints":{"allow":["GET"]}}],"collection":[{"href":"https:\/\/enithuma.com\/hu\/wp-json\/wp\/v2\/pages"}],"about":[{"href":"https:\/\/enithuma.com\/hu\/wp-json\/wp\/v2\/types\/page"}],"author":[{"embeddable":true,"href":"https:\/\/enithuma.com\/hu\/wp-json\/wp\/v2\/users\/1"}],"replies":[{"embeddable":true,"href":"https:\/\/enithuma.com\/hu\/wp-json\/wp\/v2\/comments?post=6741"}],"version-history":[{"count":1,"href":"https:\/\/enithuma.com\/hu\/wp-json\/wp\/v2\/pages\/6741\/revisions"}],"predecessor-version":[{"id":6742,"href":"https:\/\/enithuma.com\/hu\/wp-json\/wp\/v2\/pages\/6741\/revisions\/6742"}],"wp:attachment":[{"href":"https:\/\/enithuma.com\/hu\/wp-json\/wp\/v2\/media?parent=6741"}],"curies":[{"name":"wp","href":"https:\/\/api.w.org\/{rel}","templated":true}]}}