{"id":7441,"date":"2024-12-11T23:04:20","date_gmt":"2024-12-11T22:04:20","guid":{"rendered":"https:\/\/enithuma.com\/product\/peak-short-fulbevalo-2\/"},"modified":"2024-12-11T23:04:20","modified_gmt":"2024-12-11T22:04:20","slug":"peak-short-fulbevalo-2","status":"publish","type":"product","link":"https:\/\/enithuma.com\/hu\/termek\/peak-short-fulbevalo-2\/","title":{"rendered":"Peak Short f\u00fclbeval\u00f3"},"content":{"rendered":"<p>&#8211; Rendel\u00e9sre k\u00e9sz\u00edtj\u00fck el, 3 h\u00e9ten bel\u00fcl adjuk \u00e1t a fut\u00e1rszolg\u00e1latnak.<br \/>\n&#8211; Darabonk\u00e9nt rendelhet\u0151, ha egy p\u00e1rt szeretn\u00e9l, 2 darabot helyezz a kos\u00e1rba.<br \/>\n&#8211; 925-\u00f6s ez\u00fcst (4,7 g), a k\u00fcls\u0151 r\u00e9teg 18 kar\u00e1tos arany 6 mikron vastags\u00e1gban, ami 2-2,5-szer vastagabb, mint a hagyom\u00e1nyos aranyozott \u00e9kszerek eset\u00e9ben.<br \/>\n&#8211; 2,5 kar\u00e1tos, \u22058 mm-es top\u00e1z. A top\u00e1z term\u00e9szetes, k\u00e9zzel csiszolt dr\u00e1gak\u0151. Enyhe sz\u00edn- \u00e9s m\u00e9retbeli elt\u00e9r\u00e9sek (alak \u00e9s kar\u00e1t) el\u0151fordulhatnak. A Mohs-sk\u00e1l\u00e1n 8-as kem\u00e9nys\u00e9g\u0171, ami tart\u00f3s, kem\u00e9ny k\u0151v\u00e9 teszi (a gy\u00e9m\u00e1nt 10-es kem\u00e9nys\u00e9g\u0171).<br \/>\n&#8211; K\u00e9zzel k\u00e9sz\u00fcl Magyarorsz\u00e1gon.<\/p>\n","protected":false},"excerpt":{"rendered":"<p>18K aranyozott ez\u00fcst, k\u00e9k top\u00e1z<\/p>\n","protected":false},"featured_media":7185,"template":"","meta":{"_monsterinsights_skip_tracking":false,"_monsterinsights_sitenote_active":false,"_monsterinsights_sitenote_note":"","_monsterinsights_sitenote_category":0},"product_brand":[],"product_cat":[176,202],"product_tag":[],"class_list":{"0":"post-7441","1":"product","2":"type-product","3":"status-publish","4":"has-post-thumbnail","6":"product_cat-fulekszerek","7":"product_cat-peak-hu","9":"first","10":"instock","11":"shipping-taxable","12":"purchasable","13":"product-type-simple","14":"add-to-wishlist-after_add_to_cart"},"_links":{"self":[{"href":"https:\/\/enithuma.com\/hu\/wp-json\/wp\/v2\/product\/7441","targetHints":{"allow":["GET"]}}],"collection":[{"href":"https:\/\/enithuma.com\/hu\/wp-json\/wp\/v2\/product"}],"about":[{"href":"https:\/\/enithuma.com\/hu\/wp-json\/wp\/v2\/types\/product"}],"wp:featuredmedia":[{"embeddable":true,"href":"https:\/\/enithuma.com\/hu\/wp-json\/wp\/v2\/media\/7185"}],"wp:attachment":[{"href":"https:\/\/enithuma.com\/hu\/wp-json\/wp\/v2\/media?parent=7441"}],"wp:term":[{"taxonomy":"product_brand","embeddable":true,"href":"https:\/\/enithuma.com\/hu\/wp-json\/wp\/v2\/product_brand?post=7441"},{"taxonomy":"product_cat","embeddable":true,"href":"https:\/\/enithuma.com\/hu\/wp-json\/wp\/v2\/product_cat?post=7441"},{"taxonomy":"product_tag","embeddable":true,"href":"https:\/\/enithuma.com\/hu\/wp-json\/wp\/v2\/product_tag?post=7441"}],"curies":[{"name":"wp","href":"https:\/\/api.w.org\/{rel}","templated":true}]}}